{"id":25,"date":"2025-03-03T11:14:21","date_gmt":"2025-03-03T10:14:21","guid":{"rendered":"https:\/\/www.youthfulproject.com\/?page_id=25"},"modified":"2025-10-14T07:49:26","modified_gmt":"2025-10-14T05:49:26","slug":"accueil","status":"publish","type":"page","link":"https:\/\/www.youthfulproject.com\/","title":{"rendered":"Accueil"},"content":{"rendered":"\n<div class=\"wp-block-group alignfull\"><div class=\"wp-block-group__inner-container is-layout-constrained wp-block-group-is-layout-constrained\">\n<div class=\"wp-block-cover alignfull is-light has-custom-content-position is-position-center-left\" style=\"margin-top:0;min-height:175px;aspect-ratio:unset;\"><span aria-hidden=\"true\" class=\"wp-block-cover__background has-black-background-color has-background-dim-0 has-background-dim\"><\/span><img decoding=\"async\" class=\"wp-block-cover__image-background wp-image-376\" alt=\"\" src=\"https:\/\/www.youthfulproject.com\/wp-content\/uploads\/2025\/03\/Header-bandeau-07-01.svg\" data-object-fit=\"cover\"\/><div class=\"wp-block-cover__inner-container is-layout-flow wp-block-cover-is-layout-flow\">\n<div class=\"wp-block-group alignfull is-content-justification-left is-layout-flex wp-container-core-group-is-layout-087fd410 wp-block-group-is-layout-flex\" style=\"padding-top:var(--wp--preset--spacing--30);padding-right:var(--wp--preset--spacing--30);padding-bottom:var(--wp--preset--spacing--30);padding-left:var(--wp--preset--spacing--30)\">\n<div class=\"wp-block-group is-content-justification-left is-layout-flex wp-container-core-group-is-layout-ed98dc0c wp-block-group-is-layout-flex\"><div class=\"is-default-size wp-block-site-logo\"><a href=\"https:\/\/www.youthfulproject.com\/\" class=\"custom-logo-link\" rel=\"home\"><img loading=\"lazy\" decoding=\"async\" width=\"4000\" height=\"2254\" src=\"https:\/\/www.youthfulproject.com\/wp-content\/uploads\/2025\/02\/cropped-logo-youthful.png\" class=\"custom-logo\" alt=\"Youthful\" \/><\/a><\/div><\/div>\n<\/div>\n<\/div><\/div>\n<\/div><\/div>\n\n\n\n<div style=\"height:50px\" aria-hidden=\"true\" class=\"wp-block-spacer\"><\/div>\n\n\n\n<h2 class=\"wp-block-heading has-text-align-center\" style=\"font-size:36px;font-style:normal;font-weight:100;letter-spacing:1px\">Un site internet pour guider les jeunes dans la ville<\/h2>\n\n\n\n<p class=\"has-text-align-center\"><\/p>\n\n\n\n<div style=\"height:50px\" aria-hidden=\"true\" class=\"wp-block-spacer\"><\/div>\n\n\n\n<div class=\"wp-block-media-text is-stacked-on-mobile has-theme-palette-7-background-color has-background\" style=\"margin-right:var(--wp--preset--spacing--80);margin-left:var(--wp--preset--spacing--80);grid-template-columns:34% auto\"><figure class=\"wp-block-media-text__media\"><img loading=\"lazy\" decoding=\"async\" width=\"3200\" height=\"2267\" src=\"https:\/\/www.youthfulproject.com\/wp-content\/uploads\/2025\/10\/Illustration_1-recadree-2-3200x2267.jpg\" alt=\"\" class=\"wp-image-1345 size-full\"\/><\/figure><div class=\"wp-block-media-text__content\">\n<h2 class=\"wp-block-heading\">Objectif<\/h2>\n\n\n\n<p>L\u2019objectif du projet est de garantir une int\u00e9gration harmonieuse des nouveaux\u00b7elles arrivant\u00b7es qui d\u00e9barquent \u00e0 Marseille et Lisbonne afin de faciliter la charge de travail des structures charg\u00e9es d\u2019envoyer, d\u2019accueillir et\/ou de coordonner ces jeunes.<\/p>\n<\/div><\/div>\n\n\n\n<div style=\"height:50px\" aria-hidden=\"true\" class=\"wp-block-spacer\"><\/div>\n\n\n\n<div class=\"wp-block-media-text has-media-on-the-right is-stacked-on-mobile has-theme-palette-7-background-color has-background\" style=\"margin-right:var(--wp--preset--spacing--80);margin-left:var(--wp--preset--spacing--80);grid-template-columns:auto 34%\"><div class=\"wp-block-media-text__content\">\n<h2 class=\"wp-block-heading\">Guide de survie<\/h2>\n\n\n\n<p>Ce \u201cguide de survie\u201d a \u00e9t\u00e9 cr\u00e9\u00e9 par diff\u00e9rent\u00b7es volontaires de Bokra Sawa et Spin. Deux associations travaillant sur des projets culturels pour la jeunesse. Les deux \u00e9quipes se sont rencontr\u00e9es une premi\u00e8re fois \u00e0 Marseille au d\u00e9but du projet, ont continu\u00e9 \u00e0 travailler et \u00e9changer en ligne, puis se sont revues une seconde fois, huit mois apr\u00e8s, \u00e0 Lisbonne pour approfondir le travail d\u00e9j\u00e0 effectu\u00e9.<\/p>\n<\/div><figure class=\"wp-block-media-text__media\"><img loading=\"lazy\" decoding=\"async\" width=\"3200\" height=\"2262\" src=\"https:\/\/www.youthfulproject.com\/wp-content\/uploads\/2025\/10\/Illustration_2-recadree-3200x2262.jpg\" alt=\"\" class=\"wp-image-1008 size-full\"\/><\/figure><\/div>\n\n\n\n<figure class=\"wp-block-pullquote has-small-font-size\" style=\"margin-right:var(--wp--preset--spacing--80);margin-left:var(--wp--preset--spacing--80)\"><blockquote><p>Pour cr\u00e9er ce guide, un questionnaire en ligne \u00e0 destination des jeunes de Marseille et Lisbonne a \u00e9t\u00e9 cr\u00e9\u00e9 afin d\u2019avoir leurs avis et leurs recommandations. Dans un second temps, les habitant\u00b7es ont \u00e9t\u00e9 directement sollicit\u00e9\u00b7es dans la rue dans l&#8217;objectif d&#8217;affiner le guide et d&#8217;y nicher les meilleurs bons plans et autres endroits cal\u00e9s tenus secrets !&#8221;<br>Ce guide s\u2019adresse tout aussi bien aux jeunes volontaires europ\u00e9en\u00b7nes qu\u2019aux jeunes souhaitant\u00a0 visiter ou\u00a0 d\u00e9m\u00e9nager \u00e0 Marseille ou Lisbonne, pour une plus ou moins longue p\u00e9riode, ainsi qu\u2019aux r\u00e9sidant\u00b7es qui veulent en d\u00e9couvrir plus sur leur ville.<br>L\u2019objectif est de fournir un outil utile et simple d\u2019utilisation, qui reconna\u00eet les d\u00e9fis communs pour les nouveaux\u00b7elles arrivant\u00b7e\u00b7s, en regroupant les mani\u00e8res de s\u2019adapter \u00e0 ces grandes villes.<\/p><\/blockquote><\/figure>\n\n\n\n<div class=\"wp-block-group alignfull\"><div class=\"wp-block-group__inner-container is-layout-constrained wp-block-group-is-layout-constrained\">\n<div class=\"wp-block-cover alignfull is-light has-parallax has-custom-content-position is-position-bottom-center\" style=\"min-height:447px;aspect-ratio:unset;\"><div class=\"wp-block-cover__image-background wp-image-599 has-parallax\" style=\"background-position:50% 50%;background-image:url(https:\/\/www.youthfulproject.com\/wp-content\/uploads\/2025\/04\/mapintro-09-01.svg)\"><\/div><span aria-hidden=\"true\" class=\"wp-block-cover__background has-background-dim-0 has-background-dim\" style=\"background-color:#f9f8f0\"><\/span><div class=\"wp-block-cover__inner-container is-layout-flow wp-block-cover-is-layout-flow\"><div class=\"wp-block-image\">\n<figure class=\"aligncenter size-large is-resized\"><img loading=\"lazy\" decoding=\"async\" width=\"1024\" height=\"577\" src=\"https:\/\/www.youthfulproject.com\/wp-content\/uploads\/2025\/02\/cropped-logo-youthful-1024x577.png\" alt=\"\" class=\"wp-image-109\" style=\"width:368px;height:auto\"\/><\/figure>\n<\/div>\n\n\n<div style=\"height:100px\" aria-hidden=\"true\" class=\"wp-block-spacer\"><\/div>\n\n\n\n<h2 class=\"wp-block-heading has-text-align-center has-large-font-size\">Choisis ta destination :<\/h2>\n<\/div><\/div>\n\n\n\n<div style=\"height:30px\" aria-hidden=\"true\" class=\"wp-block-spacer\"><\/div>\n\n\n\n<div class=\"wp-block-columns has-theme-palette-5-background-color has-background is-layout-flex wp-container-core-columns-is-layout-f9d03155 wp-block-columns-is-layout-flex\" style=\"margin-top:0;margin-bottom:0;padding-top:0;padding-bottom:0\">\n<div class=\"wp-block-column is-vertically-aligned-center is-layout-flow wp-block-column-is-layout-flow\">\n<div style=\"height:50px\" aria-hidden=\"true\" class=\"wp-block-spacer\"><\/div>\n\n\n<div class=\"wp-block-image\">\n<figure class=\"aligncenter size-large is-resized\"><a href=\" https:\/\/www.youthfulproject.com\/?page_id=39\"><img loading=\"lazy\" decoding=\"async\" width=\"2377\" height=\"3200\" src=\"https:\/\/www.youthfulproject.com\/wp-content\/uploads\/2025\/10\/Bouton-geo-Marseille-07-2377x3200.png\" alt=\"\" class=\"wp-image-1313\" style=\"width:250px\"\/><\/a><\/figure>\n<\/div>\n\n\n<h1 class=\"wp-block-heading has-text-align-center has-theme-palette-9-color has-text-color has-link-color wp-elements-7e22609b3da81169abf609fab7bae87d\"><a href=\"https:\/\/www.youthfulproject.com\/?page_id=39\">Marseille<\/a><\/h1>\n\n\n\n<div style=\"height:50px\" aria-hidden=\"true\" class=\"wp-block-spacer\"><\/div>\n<\/div>\n\n\n\n<div class=\"wp-block-column is-layout-flow wp-block-column-is-layout-flow\">\n<div style=\"height:50px\" aria-hidden=\"true\" class=\"wp-block-spacer\"><\/div>\n\n\n<div class=\"wp-block-image is-style-default wp-duotone-unset-1\">\n<figure class=\"aligncenter size-large is-resized has-custom-border\"><a href=\"https:\/\/www.youthfulproject.com\/?page_id=140\"><img loading=\"lazy\" decoding=\"async\" width=\"2377\" height=\"3200\" src=\"https:\/\/www.youthfulproject.com\/wp-content\/uploads\/2025\/10\/Bouton-geo-Lisbonne-08-2377x3200.png\" alt=\"\" class=\"wp-image-1319\" style=\"border-style:none;border-width:0px;width:250px\"\/><\/a><\/figure>\n<\/div>\n\n\n<h1 class=\"wp-block-heading has-text-align-center has-theme-palette-9-color has-text-color has-link-color wp-elements-0e77f5997dc99090d1eb417b4bff10a2\"><a href=\"https:\/\/www.youthfulproject.com\/?page_id=140\">Lisbonne<\/a><\/h1>\n<\/div>\n<\/div>\n<\/div><\/div>\n\n\n\n<div style=\"height:100px\" aria-hidden=\"true\" class=\"wp-block-spacer\"><\/div>\n\n\n\n<p><\/p>\n","protected":false},"excerpt":{"rendered":"<p>Un site internet pour guider les jeunes dans la ville Objectif L\u2019objectif du projet est de garantir une int\u00e9gration harmonieuse des nouveaux\u00b7elles arrivant\u00b7es qui d\u00e9barquent \u00e0 Marseille et Lisbonne afin de faciliter la charge de travail des structures charg\u00e9es d\u2019envoyer, d\u2019accueillir et\/ou de coordonner ces jeunes. Guide de survie Ce \u201cguide de survie\u201d a \u00e9t\u00e9&#8230;<\/p>\n","protected":false},"author":1,"featured_media":0,"parent":0,"menu_order":0,"comment_status":"closed","ping_status":"closed","template":"rttpg_full_width","meta":{"inline_featured_image":false,"_kadence_starter_templates_imported_post":false,"_kad_post_transparent":"default","_kad_post_title":"","_kad_post_layout":"","_kad_post_sidebar_id":"","_kad_post_content_style":"","_kad_post_vertical_padding":"","_kad_post_feature":"","_kad_post_feature_position":"","_kad_post_header":false,"_kad_post_footer":false,"footnotes":""},"class_list":["post-25","page","type-page","status-publish","hentry"],"rttpg_featured_image_url":null,"rttpg_author":{"display_name":"adminYouth","author_link":"https:\/\/www.youthfulproject.com\/?author=1"},"rttpg_comment":0,"rttpg_category":" <a href=\"https:\/\/www.youthfulproject.com\/\" rel=\"tag\">Fran\u00e7ais<\/a>","rttpg_excerpt":"Un site internet pour guider les jeunes dans la ville Objectif L\u2019objectif du projet est de garantir une int\u00e9gration harmonieuse des nouveaux\u00b7elles arrivant\u00b7es qui d\u00e9barquent \u00e0 Marseille et Lisbonne afin de faciliter la charge de travail des structures charg\u00e9es d\u2019envoyer, d\u2019accueillir et\/ou de coordonner ces jeunes. Guide de survie Ce \u201cguide de survie\u201d a \u00e9t\u00e9...","_links":{"self":[{"href":"https:\/\/www.youthfulproject.com\/index.php?rest_route=\/wp\/v2\/pages\/25","targetHints":{"allow":["GET"]}}],"collection":[{"href":"https:\/\/www.youthfulproject.com\/index.php?rest_route=\/wp\/v2\/pages"}],"about":[{"href":"https:\/\/www.youthfulproject.com\/index.php?rest_route=\/wp\/v2\/types\/page"}],"author":[{"embeddable":true,"href":"https:\/\/www.youthfulproject.com\/index.php?rest_route=\/wp\/v2\/users\/1"}],"replies":[{"embeddable":true,"href":"https:\/\/www.youthfulproject.com\/index.php?rest_route=%2Fwp%2Fv2%2Fcomments&post=25"}],"version-history":[{"count":157,"href":"https:\/\/www.youthfulproject.com\/index.php?rest_route=\/wp\/v2\/pages\/25\/revisions"}],"predecessor-version":[{"id":1361,"href":"https:\/\/www.youthfulproject.com\/index.php?rest_route=\/wp\/v2\/pages\/25\/revisions\/1361"}],"wp:attachment":[{"href":"https:\/\/www.youthfulproject.com\/index.php?rest_route=%2Fwp%2Fv2%2Fmedia&parent=25"}],"curies":[{"name":"wp","href":"https:\/\/api.w.org\/{rel}","templated":true}]}}